{"id":581,"date":"2020-06-25T11:44:15","date_gmt":"2020-06-25T11:44:15","guid":{"rendered":"https:\/\/weidnair.de\/index.php\/home-copy\/"},"modified":"2020-11-03T17:29:25","modified_gmt":"2020-11-03T17:29:25","slug":"ueber-uns","status":"publish","type":"page","link":"https:\/\/weidnair.de\/index.php\/ueber-uns\/","title":{"rendered":"\u00fcber uns"},"content":{"rendered":"<p>[et_pb_section fb_built=&#8220;1&#8243; fullwidth=&#8220;on&#8220; _builder_version=&#8220;4.4.8&#8243; vertical_offset=&#8220;-130px&#8220; vertical_offset_tablet=&#8220;-160px&#8220; vertical_offset_phone=&#8220;-170px&#8220; vertical_offset_last_edited=&#8220;on|phone&#8220;][et_pb_fullwidth_image src=&#8220;https:\/\/weidnair.de\/wp-content\/uploads\/2020\/11\/IMG_2829-scaled.jpg&#8220; title_text=&#8220;IMG_2829&#8243; _builder_version=&#8220;4.4.8&#8243; vertical_offset=&#8220;195px&#8220; vertical_offset_tablet=&#8220;350px&#8220; vertical_offset_phone=&#8220;340px&#8220; vertical_offset_last_edited=&#8220;on|phone&#8220; hover_enabled=&#8220;0&#8243;][\/et_pb_fullwidth_image][\/et_pb_section][et_pb_section fb_built=&#8220;1&#8243; _builder_version=&#8220;4.4.8&#8243; background_color=&#8220;rgba(35,35,35,0)&#8220; vertical_offset=&#8220;-20px&#8220; vertical_offset_tablet=&#8220;100px&#8220; vertical_offset_phone=&#8220;90px&#8220; vertical_offset_last_edited=&#8220;on|phone&#8220; position_origin_a_tablet=&#8220;&#8220; position_origin_a_phone=&#8220;&#8220; position_origin_a_last_edited=&#8220;on|desktop&#8220; position_origin_f_tablet=&#8220;&#8220; position_origin_f_phone=&#8220;&#8220; position_origin_f_last_edited=&#8220;on|desktop&#8220; position_origin_r_tablet=&#8220;&#8220; position_origin_r_phone=&#8220;&#8220; position_origin_r_last_edited=&#8220;on|phone&#8220; custom_padding=&#8220;0px||1px|||&#8220; positioning_tablet=&#8220;&#8220; positioning_phone=&#8220;&#8220; positioning_last_edited=&#8220;on|desktop&#8220;][et_pb_row _builder_version=&#8220;4.4.8&#8243; background_enable_color=&#8220;off&#8220; width=&#8220;100%&#8220; max_width=&#8220;1140px&#8220; custom_padding=&#8220;||0px||false|false&#8220;][et_pb_column type=&#8220;4_4&#8243; _builder_version=&#8220;4.4.8&#8243;][et_pb_text _builder_version=&#8220;4.4.8&#8243; text_font=&#8220;Noticia Text|700|||||||&#8220; text_text_color=&#8220;#505050&#8243; text_font_size=&#8220;25px&#8220; background_color=&#8220;#ffffff&#8220; width=&#8220;55%&#8220; width_tablet=&#8220;80%&#8220; width_phone=&#8220;80%&#8220; width_last_edited=&#8220;on|tablet&#8220; custom_margin=&#8220;0px||0px||false|false&#8220; custom_padding=&#8220;20px|20px|8px|20px|false|false&#8220; custom_padding_tablet=&#8220;|||40px|false|false&#8220; custom_padding_phone=&#8220;&#8220; custom_padding_last_edited=&#8220;on|tablet&#8220; text_text_color_tablet=&#8220;&#8220; text_text_color_phone=&#8220;&#8220; text_text_color_last_edited=&#8220;on|phone&#8220; text_font_size_tablet=&#8220;20px&#8220; text_font_size_phone=&#8220;14px&#8220; text_font_size_last_edited=&#8220;on|phone&#8220;]<\/p>\n<p>Startseite \/ Kunstfug und Meer<\/p>\n<p>[\/et_pb_text][et_pb_text _builder_version=&#8220;4.4.8&#8243; text_font=&#8220;News Gothic Regular||||||||&#8220; text_text_color=&#8220;#2275B0&#8243; text_font_size=&#8220;20px&#8220; background_color=&#8220;#ffffff&#8220; custom_margin=&#8220;0px||21px||false|false&#8220; custom_padding=&#8220;0px|20px|0px|20px|false|false&#8220; custom_padding_tablet=&#8220;|40px||40px|false|false&#8220; custom_padding_phone=&#8220;&#8220; custom_padding_last_edited=&#8220;on|tablet&#8220; text_font_size_tablet=&#8220;&#8220; text_font_size_phone=&#8220;14px&#8220; text_font_size_last_edited=&#8220;on|phone&#8220;]gem\u00e4\u00df FCL.800<br \/>\n[\/et_pb_text][et_pb_text _builder_version=&#8220;4.4.8&#8243; custom_padding=&#8220;|20px||20px|false|true&#8220; custom_padding_tablet=&#8220;|40px||40px|false|true&#8220; custom_padding_phone=&#8220;&#8220; custom_padding_last_edited=&#8220;on|phone&#8220;]<\/p>\n<p>Die Gr\u00fcnde f\u00fcr das Erlernen und Betreiben von Kunstflug sind so unterschiedlich,<\/p>\n<p>wie die Menschen, die man an Flugpl\u00e4tzen trifft. Die meisten Kunstflieger haben Spa\u00df daran, die dritte Dimension und die Gesetze der Physik so deutlich zu erleben und m\u00f6gen die Herausforderung, eine komplizierte Sache gut zu machen.<\/p>\n<p>Viele entscheiden sich daf\u00fcr, die Kunstflugberechtigung zu erwerben, um sich auch im normalen Flugbetrieb sicherer zu f\u00fchlen im Umgang mit dem Flugzeug.<br \/> Neulich wurde ein Kunstflug Pilot gefragt,<\/p>\n<p>weshalb er immer wieder in luftige H\u00f6hen aufsteigt, sich dort oben in allen m\u00f6glichen und unm\u00f6glichen Fluglagen hoch konzentriert enormen k\u00f6rperlichen Belastungen aussetzt, und daf\u00fcr auch noch eine Menge Geld bezahlt. Die Antwort: \u201cWeil ich es kann!\u201c<\/p>\n<p>[\/et_pb_text][\/et_pb_column][\/et_pb_row][\/et_pb_section][et_pb_section fb_built=&#8220;1&#8243; _builder_version=&#8220;4.4.8&#8243; custom_padding=&#8220;0px||6px|||&#8220;][et_pb_row _builder_version=&#8220;4.4.8&#8243; background_enable_color=&#8220;off&#8220; width=&#8220;100%&#8220; max_width=&#8220;1130px&#8220; min_height=&#8220;160px&#8220; custom_padding=&#8220;||0px|||&#8220;][et_pb_column type=&#8220;4_4&#8243; _builder_version=&#8220;4.4.8&#8243;][et_pb_text _builder_version=&#8220;4.4.8&#8243; text_font=&#8220;NoticiaText-Italic||||||||&#8220; text_text_color=&#8220;#505050&#8243; text_font_size=&#8220;48px&#8220; header_font=&#8220;NoticiaText-Italic||||||||&#8220; header_text_color=&#8220;#2275b0&#8243; header_font_size=&#8220;75px&#8220; width=&#8220;70%&#8220; custom_margin=&#8220;||||false|false&#8220; custom_margin_tablet=&#8220;|||40px|false|false&#8220; custom_margin_phone=&#8220;&#8220; custom_margin_last_edited=&#8220;on|tablet&#8220; text_font_size_tablet=&#8220;40px&#8220; text_font_size_phone=&#8220;30px&#8220; text_font_size_last_edited=&#8220;on|phone&#8220;]Erweiterung<\/p>\n<hr class=\"links\">[\/et_pb_text][et_pb_text _builder_version=&#8220;4.4.8&#8243; text_font=&#8220;NoticiaText-Italic||||||||&#8220; text_text_color=&#8220;#2275b0&#8243; text_font_size=&#8220;48px&#8220; header_font=&#8220;NoticiaText-Italic||||||||&#8220; header_text_color=&#8220;#2275b0&#8243; header_font_size=&#8220;75px&#8220; width=&#8220;70%&#8220; custom_margin=&#8220;|||60px|false|false&#8220; custom_margin_tablet=&#8220;-10px|||80px|false|false&#8220; custom_margin_phone=&#8220;-18px|||90px|false|false&#8220; custom_margin_last_edited=&#8220;on|tablet&#8220; custom_padding=&#8220;||||false|false&#8220; text_font_size_tablet=&#8220;40px&#8220; text_font_size_phone=&#8220;30px&#8220; text_font_size_last_edited=&#8220;on|phone&#8220;]<\/p>\n<p>Erweiterung<\/p>\n<p>[\/et_pb_text][\/et_pb_column][\/et_pb_row][\/et_pb_section][et_pb_section fb_built=&#8220;1&#8243; _builder_version=&#8220;4.4.8&#8243; custom_padding=&#8220;14px|||||&#8220;][et_pb_row column_structure=&#8220;1_2,1_2&#8243; custom_padding_last_edited=&#8220;on|tablet&#8220; _builder_version=&#8220;4.4.8&#8243; background_color=&#8220;rgba(0,0,0,0)&#8220; width=&#8220;100%&#8220; max_width=&#8220;85%&#8220; custom_padding=&#8220;|20px||20px|false|true&#8220; custom_padding_tablet=&#8220;&#8220; custom_padding_phone=&#8220;&#8220;][et_pb_column type=&#8220;1_2&#8243; _builder_version=&#8220;4.4.8&#8243; background_color=&#8220;rgba(214,214,214,0.6)&#8220; background_color_phone=&#8220;#ffffff&#8220; background_last_edited=&#8220;on|phone&#8220; background_enable_color_phone=&#8220;on&#8220;][et_pb_image src=&#8220;https:\/\/weidnair.de\/wp-content\/uploads\/2020\/11\/DSCF0305ed-scaled.jpg&#8220; title_text=&#8220;DSCF0305ed&#8220; _builder_version=&#8220;4.4.8&#8243; positioning=&#8220;relative&#8220; position_origin_r=&#8220;top_right&#8220; vertical_offset=&#8220;-23px&#8220; horizontal_offset=&#8220;33px&#8220; vertical_offset_tablet=&#8220;0px&#8220; vertical_offset_phone=&#8220;&#8220; vertical_offset_last_edited=&#8220;on|tablet&#8220; horizontal_offset_tablet=&#8220;0px&#8220; horizontal_offset_phone=&#8220;&#8220; horizontal_offset_last_edited=&#8220;on|tablet&#8220; position_origin_a_tablet=&#8220;&#8220; position_origin_a_phone=&#8220;&#8220; position_origin_a_last_edited=&#8220;on|desktop&#8220; position_origin_f_tablet=&#8220;&#8220; position_origin_f_phone=&#8220;&#8220; position_origin_f_last_edited=&#8220;on|desktop&#8220; position_origin_r_tablet=&#8220;&#8220; position_origin_r_phone=&#8220;&#8220; position_origin_r_last_edited=&#8220;on|phone&#8220; hover_enabled=&#8220;0&#8243; positioning_tablet=&#8220;&#8220; positioning_phone=&#8220;&#8220; positioning_last_edited=&#8220;on|tablet&#8220;][\/et_pb_image][\/et_pb_column][et_pb_column type=&#8220;1_2&#8243; _builder_version=&#8220;4.4.8&#8243;][et_pb_text _builder_version=&#8220;4.4.8&#8243;]<\/p>\n<p>Erweiterung der Kunstflugberechtigung auf Motorflugzeuge<br \/>Inhaber von Kunstflugberechtigungen in anderen Klassen (Segelflug, TMG) k\u00f6nnen diese bei uns auf Motorflugzeuge erweitern. Dazu sind mindestens drei Fl\u00fcge gefordert, in denen wir den gesamten Umfang des Kunstflug Lehrplanes durchfliegen und euch theoretisch und praktisch mit den Eigenheiten des Motorkunstfluges vertraut machen.<\/p>\n<p>[\/et_pb_text][\/et_pb_column][\/et_pb_row][\/et_pb_section][et_pb_section fb_built=&#8220;1&#8243; _builder_version=&#8220;4.4.8&#8243; custom_padding=&#8220;0px||6px|||&#8220;][et_pb_row _builder_version=&#8220;4.4.8&#8243; background_enable_color=&#8220;off&#8220; width=&#8220;100%&#8220; max_width=&#8220;1130px&#8220; min_height=&#8220;160px&#8220; custom_padding=&#8220;||0px|||&#8220;][et_pb_column type=&#8220;4_4&#8243; _builder_version=&#8220;4.4.8&#8243;][et_pb_text _builder_version=&#8220;4.4.8&#8243; text_font=&#8220;NoticiaText-Italic||||||||&#8220; text_text_color=&#8220;#505050&#8243; text_font_size=&#8220;48px&#8220; header_font=&#8220;NoticiaText-Italic||||||||&#8220; header_text_color=&#8220;#2275b0&#8243; header_font_size=&#8220;75px&#8220; width=&#8220;100%&#8220; max_width=&#8220;100%&#8220; custom_margin=&#8220;||||false|false&#8220; custom_padding=&#8220;|100px|||false|false&#8220; text_font_size_tablet=&#8220;40px&#8220; text_font_size_phone=&#8220;30px&#8220; text_font_size_last_edited=&#8220;on|phone&#8220;]<\/p>\n<p style=\"text-align: right;\">Kunstflug<\/p>\n<hr class=\"rechts\">[\/et_pb_text][et_pb_text _builder_version=&#8220;4.4.8&#8243; text_font=&#8220;NoticiaText-Italic||||||||&#8220; text_text_color=&#8220;#2275b0&#8243; text_font_size=&#8220;48px&#8220; header_font=&#8220;NoticiaText-Italic||||||||&#8220; header_text_color=&#8220;#2275b0&#8243; header_font_size=&#8220;75px&#8220; width=&#8220;100%&#8220; max_width=&#8220;100%&#8220; custom_margin=&#8220;50px||||false|false&#8220; custom_margin_tablet=&#8220;50px||||false|false&#8220; custom_margin_phone=&#8220;&#8220; custom_margin_last_edited=&#8220;on|tablet&#8220; custom_padding=&#8220;|160px|||false|false&#8220; custom_padding_tablet=&#8220;|130px|||false|false&#8220; custom_padding_phone=&#8220;0px|145px|||false|false&#8220; custom_padding_last_edited=&#8220;on|tablet&#8220; text_font_size_tablet=&#8220;40px&#8220; text_font_size_phone=&#8220;30px&#8220; text_font_size_last_edited=&#8220;on|phone&#8220;]<\/p>\n<p style=\"text-align: right;\">Weiterbildung<\/p>\n<p>[\/et_pb_text][\/et_pb_column][\/et_pb_row][\/et_pb_section][et_pb_section fb_built=&#8220;1&#8243; _builder_version=&#8220;4.4.8&#8243; custom_padding=&#8220;14px|||||&#8220;][et_pb_row column_structure=&#8220;1_2,1_2&#8243; custom_padding_last_edited=&#8220;on|tablet&#8220; _builder_version=&#8220;4.4.8&#8243; background_color=&#8220;rgba(0,0,0,0)&#8220; width=&#8220;100%&#8220; max_width=&#8220;85%&#8220; custom_padding=&#8220;|20px||20px|false|true&#8220; custom_padding_tablet=&#8220;&#8220; custom_padding_phone=&#8220;&#8220;][et_pb_column type=&#8220;1_2&#8243; _builder_version=&#8220;4.4.8&#8243;][et_pb_text _builder_version=&#8220;4.4.8&#8243;]<\/p>\n<p>f\u00fcr Inhaber der KFB, die etwas dazu lernen wollen:<\/p>\n<p>Immer nur Loopings und Rollen zu fliegen kann die berechtigte Frage aufwerfen, ob das jetzt schon alles sein soll, was der Kunstflug zu bieten hat. Wir haben gute Neuigkeiten: Es gibt da noch mehr!<\/p>\n<p>Kubanische 8en, Humpties, M\u00e4nnchen, Rollenkreise und R\u00fcckentrudeln wollen entdeckt und erlernt werden.<\/p>\n<p>Bei den meisten Piloten, die seit Jahren eine Kunstflugberechtigung haben, schleichen sich mit der Zeit durch Routine oder ein Mangel an Training einige Fehler ein, bei deren Korrektur wir gerne behilflich sind.<\/p>\n<p>[\/et_pb_text][et_pb_text _builder_version=&#8220;4.4.8&#8243; text_font=&#8220;News Gothic Regular|||on|||||&#8220; text_text_color=&#8220;#ffffff&#8220; text_letter_spacing=&#8220;1px&#8220; background_image=&#8220;https:\/\/weidnair.de\/wp-content\/uploads\/2020\/06\/Rechteck-20.png&#8220; width=&#8220;200px&#8220; width_tablet=&#8220;&#8220; width_phone=&#8220;&#8220; width_last_edited=&#8220;on|desktop&#8220; custom_margin=&#8220;||||false|false&#8220; custom_padding=&#8220;10px|10px|10px|10px|false|false&#8220; text_text_color_last_edited=&#8220;off|desktop&#8220; text_text_color__hover_enabled=&#8220;on|hover&#8220; text_text_color__hover=&#8220;#000000&#8243;]<\/p>\n<p>WIR FLIEGEN<br \/> KUNST &gt;<\/p>\n<p>[\/et_pb_text][\/et_pb_column][et_pb_column type=&#8220;1_2&#8243; _builder_version=&#8220;4.4.8&#8243; background_color=&#8220;rgba(214,214,214,0.6)&#8220; background_color_phone=&#8220;#ffffff&#8220; background_last_edited=&#8220;on|phone&#8220; background_enable_color_phone=&#8220;on&#8220;][et_pb_image src=&#8220;https:\/\/weidnair.de\/wp-content\/uploads\/2020\/11\/IMG_4604-2-scaled.jpg&#8220; title_text=&#8220;IMG_4604-2&#8243; _builder_version=&#8220;4.4.8&#8243; positioning=&#8220;relative&#8220; position_origin_r=&#8220;top_right&#8220; vertical_offset=&#8220;-23px&#8220; horizontal_offset=&#8220;33px&#8220; vertical_offset_tablet=&#8220;0px&#8220; vertical_offset_phone=&#8220;&#8220; vertical_offset_last_edited=&#8220;on|tablet&#8220; horizontal_offset_tablet=&#8220;0px&#8220; horizontal_offset_phone=&#8220;&#8220; horizontal_offset_last_edited=&#8220;on|tablet&#8220; position_origin_a_tablet=&#8220;&#8220; position_origin_a_phone=&#8220;&#8220; position_origin_a_last_edited=&#8220;on|desktop&#8220; position_origin_f_tablet=&#8220;&#8220; position_origin_f_phone=&#8220;&#8220; position_origin_f_last_edited=&#8220;on|desktop&#8220; position_origin_r_tablet=&#8220;&#8220; position_origin_r_phone=&#8220;&#8220; position_origin_r_last_edited=&#8220;on|phone&#8220; hover_enabled=&#8220;0&#8243; positioning_tablet=&#8220;&#8220; positioning_phone=&#8220;&#8220; positioning_last_edited=&#8220;on|tablet&#8220;][\/et_pb_image][\/et_pb_column][\/et_pb_row][\/et_pb_section]<\/p>\n","protected":false},"excerpt":{"rendered":"<p>Startseite \/ Kunstfug und Meergem\u00e4\u00df FCL.800 Die Gr\u00fcnde f\u00fcr das Erlernen und Betreiben von Kunstflug sind so unterschiedlich, wie die Menschen, die man an Flugpl\u00e4tzen trifft. Die meisten Kunstflieger haben Spa\u00df daran, die dritte Dimension und die Gesetze der Physik so deutlich zu erleben und m\u00f6gen die Herausforderung, eine komplizierte Sache gut zu machen. Viele [&hellip;]<\/p>\n","protected":false},"author":1,"featured_media":0,"parent":0,"menu_order":0,"comment_status":"closed","ping_status":"closed","template":"","meta":{"_et_pb_use_builder":"on","_et_pb_old_content":"","_et_gb_content_width":"","inline_featured_image":false,"footnotes":""},"class_list":["post-581","page","type-page","status-publish","hentry"],"_links":{"self":[{"href":"https:\/\/weidnair.de\/index.php\/wp-json\/wp\/v2\/pages\/581","targetHints":{"allow":["GET"]}}],"collection":[{"href":"https:\/\/weidnair.de\/index.php\/wp-json\/wp\/v2\/pages"}],"about":[{"href":"https:\/\/weidnair.de\/index.php\/wp-json\/wp\/v2\/types\/page"}],"author":[{"embeddable":true,"href":"https:\/\/weidnair.de\/index.php\/wp-json\/wp\/v2\/users\/1"}],"replies":[{"embeddable":true,"href":"https:\/\/weidnair.de\/index.php\/wp-json\/wp\/v2\/comments?post=581"}],"version-history":[{"count":7,"href":"https:\/\/weidnair.de\/index.php\/wp-json\/wp\/v2\/pages\/581\/revisions"}],"predecessor-version":[{"id":643,"href":"https:\/\/weidnair.de\/index.php\/wp-json\/wp\/v2\/pages\/581\/revisions\/643"}],"wp:attachment":[{"href":"https:\/\/weidnair.de\/index.php\/wp-json\/wp\/v2\/media?parent=581"}],"curies":[{"name":"wp","href":"https:\/\/api.w.org\/{rel}","templated":true}]}}